{"id":11,"date":"2025-07-14T15:12:52","date_gmt":"2025-07-14T15:12:52","guid":{"rendered":"https:\/\/2025-wp.audio-video-foto-film.ch\/?page_id=11"},"modified":"2025-10-21T12:49:19","modified_gmt":"2025-10-21T12:49:19","slug":"video-transfer","status":"publish","type":"page","link":"https:\/\/2025-wp.audio-video-foto-film.ch\/franklin\/video-transfer\/","title":{"rendered":"Video &#8211; Transfer"},"content":{"rendered":"<div class=\"et_pb_section_0 et_pb_section et_section_regular et_flex_section\">\n<div class=\"et_pb_row_0 et_pb_row et_flex_row\">\n<div class=\"et_pb_column_0 et_pb_column et-last-child et_flex_column_24_24 et_flex_column et_pb_css_mix_blend_mode_passthrough\">\n<div class=\"et_pb_text_0 et_pb_text et_pb_bg_layout_light et_pb_module\"><div class=\"et_pb_text_inner\"><p><!-- wp:paragraph --><\/p>\n<p>Wir \u00fcberspielen viele Videoformate wie:<\/p>\n<p><!-- \/wp:paragraph --><\/p>\n<p><!-- wp:paragraph --><\/p>\n<p>\u2022 VCR<br \/>\u2022 Video2000<br \/>\u2022 Betamax<br \/>\u2022 U-Matic Low- \/ High Band \/ SP<br \/>\u2022 VHS, VHS-C , S-VHS<br \/>\u2022 Video8, HI-8, Digital8<br \/>\u2022 DV, DV-CAM<\/p>\n<p><!-- \/wp:paragraph --><\/p>\n<p><!-- wp:paragraph --><\/p>\n<p>Die einfachste und kosteng\u00fcnstigste \u00dcberspielung ist die 1:1 Direktkopie. Zudem bieten wir aber noch weitere M\u00f6glichkeiten an. s. <a href=\"https:\/\/audio-video-foto-film.ch\/video-produktionen.html\">Video-Produktionen<\/a><\/p>\n<p><!-- \/wp:paragraph --><\/p>\n<p><!-- wp:paragraph --><\/p>\n<p><strong>Bildkorrektur:<\/strong><br \/>Sobald ein Videokopf das Band ber\u00fchrt, wird dieses dadurch leicht abgebremst. Bei Analogaufnahmen bzw. -wiedergaben k\u00f6nnen kleine Bildfehler (Zeitbasisfehler) auftreten. Diese machen sich durch Ausbeulungen von vertikalen Linien bemerkbar. Bei der Wiedergabe von Videofilmen sollten senkrechte Linien jedoch geradlinig verlaufen und Konturen scharf und ruhig bleiben. Gerade bei mehrfach \u00fcberspielten Aufnahmen wirken senkrechte Kanten oftmals ausgefranst. Darum haben wir immer einen Time Base Corrector (TBC) in den Signalweg eingeschlauft. Ein TBC korrigiert diese Fehler und gibt die Bilder mit der hohen Sch\u00e4rfe und Detailtreue des Originals wieder. Senkrechte Linien bleiben schnurgerade wie beim Original.<\/p>\n<p><!-- \/wp:paragraph --><\/p>\n<\/div><\/div>\n<\/div>\n<\/div>\n<\/div>","protected":false},"excerpt":{"rendered":"","protected":false},"author":1,"featured_media":21,"parent":0,"menu_order":0,"comment_status":"closed","ping_status":"closed","template":"","meta":{"inline_featured_image":false,"footnotes":""},"wf_page_folders":[6],"class_list":["post-11","page","type-page","status-publish","has-post-thumbnail","hentry"],"_links":{"self":[{"href":"https:\/\/2025-wp.audio-video-foto-film.ch\/franklin\/wp-json\/wp\/v2\/pages\/11","targetHints":{"allow":["GET"]}}],"collection":[{"href":"https:\/\/2025-wp.audio-video-foto-film.ch\/franklin\/wp-json\/wp\/v2\/pages"}],"about":[{"href":"https:\/\/2025-wp.audio-video-foto-film.ch\/franklin\/wp-json\/wp\/v2\/types\/page"}],"author":[{"embeddable":true,"href":"https:\/\/2025-wp.audio-video-foto-film.ch\/franklin\/wp-json\/wp\/v2\/users\/1"}],"replies":[{"embeddable":true,"href":"https:\/\/2025-wp.audio-video-foto-film.ch\/franklin\/wp-json\/wp\/v2\/comments?post=11"}],"version-history":[{"count":16,"href":"https:\/\/2025-wp.audio-video-foto-film.ch\/franklin\/wp-json\/wp\/v2\/pages\/11\/revisions"}],"predecessor-version":[{"id":220697,"href":"https:\/\/2025-wp.audio-video-foto-film.ch\/franklin\/wp-json\/wp\/v2\/pages\/11\/revisions\/220697"}],"wp:featuredmedia":[{"embeddable":true,"href":"https:\/\/2025-wp.audio-video-foto-film.ch\/franklin\/wp-json\/wp\/v2\/media\/21"}],"wp:attachment":[{"href":"https:\/\/2025-wp.audio-video-foto-film.ch\/franklin\/wp-json\/wp\/v2\/media?parent=11"}],"wp:term":[{"taxonomy":"wf_page_folders","embeddable":true,"href":"https:\/\/2025-wp.audio-video-foto-film.ch\/franklin\/wp-json\/wp\/v2\/wf_page_folders?post=11"}],"curies":[{"name":"wp","href":"https:\/\/api.w.org\/{rel}","templated":true}]}}