{"id":75,"date":"2025-07-15T12:15:56","date_gmt":"2025-07-15T12:15:56","guid":{"rendered":"https:\/\/2025-wp.audio-video-foto-film.ch\/?page_id=75"},"modified":"2025-10-20T08:44:43","modified_gmt":"2025-10-20T08:44:43","slug":"schulung-und-beratung","status":"publish","type":"page","link":"https:\/\/2025-wp.audio-video-foto-film.ch\/franklin\/schulung-und-beratung\/","title":{"rendered":"Schulung und Beratung"},"content":{"rendered":"<div class=\"et_pb_section_0 et_pb_section et_section_regular et_block_section\">\n<div class=\"et_pb_row_0 et_pb_row et_pb_gutters3 et_block_row\">\n<div class=\"et_pb_column_0 et_pb_column et_pb_column_4_4 et-last-child et_block_column et_pb_css_mix_blend_mode_passthrough\">\n<div class=\"et_pb_heading_0 et_pb_heading et_pb_module\"><div class=\"et_pb_heading_container\"><h3 class=\"et_pb_module_header\">Multimedia-Bearbeitung leicht gemacht \u2013 direkt an Ihrem Arbeitsplatz<\/h3><\/div><\/div>\n\n<div class=\"et_pb_text_0 et_pb_text et_pb_bg_layout_light et_pb_module\"><div class=\"et_pb_text_inner\"><p data-start=\"178\" data-end=\"545\">Dank moderner Technik ist es heute m\u00f6glich, Musik- und Videoproduktionen bequem am eigenen Computer durchzuf\u00fchren. H\u00e4ufig fehlt jedoch das notwendige Know-how zu Medientypen, Dateiformaten oder den richtigen Arbeitsabl\u00e4ufen. Auch ein versierter IT-Berater bringt nicht automatisch die speziellen Kenntnisse f\u00fcr einen professionellen Audio- oder Videoschnittplatz mit.<\/p>\n<p data-start=\"547\" data-end=\"895\">Wir unterst\u00fctzen Sie direkt an Ihrem Arbeitsplatz \u2013 praxisnah und individuell. Dabei arbeiten wir mit Ihrer vorhandenen Hard- und Software sowie mit Ihrem eigenen Audio- oder Videomaterial. Oft gen\u00fcgt bereits eine kurze Einf\u00fchrung von 2\u20133 Stunden, um den Einstieg zu erleichtern \u2013 unabh\u00e4ngig davon, mit welchen Programmen oder Ger\u00e4ten Sie arbeiten.<\/p>\n<p data-start=\"897\" data-end=\"1078\">Auf Wunsch richten wir Ihren kompletten Videoschnittplatz ein oder optimieren Ihren bestehenden Rechner gezielt mit den passenden Komponenten f\u00fcr eine reibungslose Bild- und Videobearbeitung.<\/p>\n<\/div><\/div>\n<\/div>\n<\/div>\n<\/div>","protected":false},"excerpt":{"rendered":"","protected":false},"author":2,"featured_media":0,"parent":0,"menu_order":0,"comment_status":"closed","ping_status":"closed","template":"","meta":{"inline_featured_image":false,"footnotes":""},"wf_page_folders":[6],"class_list":["post-75","page","type-page","status-publish","hentry"],"_links":{"self":[{"href":"https:\/\/2025-wp.audio-video-foto-film.ch\/franklin\/wp-json\/wp\/v2\/pages\/75","targetHints":{"allow":["GET"]}}],"collection":[{"href":"https:\/\/2025-wp.audio-video-foto-film.ch\/franklin\/wp-json\/wp\/v2\/pages"}],"about":[{"href":"https:\/\/2025-wp.audio-video-foto-film.ch\/franklin\/wp-json\/wp\/v2\/types\/page"}],"author":[{"embeddable":true,"href":"https:\/\/2025-wp.audio-video-foto-film.ch\/franklin\/wp-json\/wp\/v2\/users\/2"}],"replies":[{"embeddable":true,"href":"https:\/\/2025-wp.audio-video-foto-film.ch\/franklin\/wp-json\/wp\/v2\/comments?post=75"}],"version-history":[{"count":8,"href":"https:\/\/2025-wp.audio-video-foto-film.ch\/franklin\/wp-json\/wp\/v2\/pages\/75\/revisions"}],"predecessor-version":[{"id":220632,"href":"https:\/\/2025-wp.audio-video-foto-film.ch\/franklin\/wp-json\/wp\/v2\/pages\/75\/revisions\/220632"}],"wp:attachment":[{"href":"https:\/\/2025-wp.audio-video-foto-film.ch\/franklin\/wp-json\/wp\/v2\/media?parent=75"}],"wp:term":[{"taxonomy":"wf_page_folders","embeddable":true,"href":"https:\/\/2025-wp.audio-video-foto-film.ch\/franklin\/wp-json\/wp\/v2\/wf_page_folders?post=75"}],"curies":[{"name":"wp","href":"https:\/\/api.w.org\/{rel}","templated":true}]}}